{"id":35572,"date":"2024-01-30T07:00:55","date_gmt":"2024-01-30T06:00:55","guid":{"rendered":"https:\/\/www.km-decor.ch\/produkt\/led-auf-anbauleuchte-lara-usb-4-5w-2700k-schwarz-mit-doppeltem-usb-anschluss\/"},"modified":"2024-01-30T08:12:09","modified_gmt":"2024-01-30T07:12:09","slug":"led-auf-anbauleuchte-lara-usb-4-5w-2700k-schwarz-mit-doppeltem-usb-anschluss","status":"publish","type":"product","link":"https:\/\/2021.km-decor.ch\/de\/produkt\/led-auf-anbauleuchte-lara-usb-4-5w-2700k-schwarz-mit-doppeltem-usb-anschluss\/","title":{"rendered":"LED Auf- \/ Anbauleuchte Lara \/ USB \/ 4.5W \/ 2700K \/ Schwarz \/ mit doppeltem USB Anschluss"},"content":{"rendered":"<p>24V DC \/ 4.5W \/ RA90 \/ 65Lm\/W \/ 2700K \/ Zuleitung f\u00fcr USB Anschluss 2000mm mit JMT Ministecker \/ Zuleitung f\u00fcr LED 2000mm mit Ministecker \/ mit doppeltem USB Anschluss<br \/>\nInfo: bei bauseits geschalteter Steckdose wird ein zweites Betriebsger\u00e4t (83.015.12) f\u00fcr Dauerstrom ben\u00f6tigt.<\/p>\n","protected":false},"excerpt":{"rendered":"<p>24V DC \/ 4.5W \/ RA90 \/ 65Lm\/W \/ 2700K \/ Zuleitung f\u00fcr USB Anschluss 2000mm mit JMT Ministecker \/ Zuleitung f\u00fcr LED 2000mm mit Ministecker \/ mit doppeltem USB Anschluss Info: bei bauseits geschalteter Steckdose wird ein zweites Betriebsger\u00e4t (83.015.12) f\u00fcr Dauerstrom ben\u00f6tigt.<\/p>\n","protected":false},"featured_media":36316,"template":"","meta":[],"product_cat":[366],"product_tag":[],"class_list":{"0":"post-35572","1":"product","2":"type-product","3":"status-publish","4":"has-post-thumbnail","6":"product_cat-led-aufbauspots","7":"pa_farbe-schwarz","8":"pa_lmw-65lm-w","9":"pa_masse-75-64","10":"pa_rawert-ra90","11":"pa_schutzklasse-schutzklasse-ip-24","13":"first","14":"instock","15":"purchasable","16":"product-type-simple"},"_links":{"self":[{"href":"https:\/\/2021.km-decor.ch\/de\/wp-json\/wp\/v2\/product\/35572","targetHints":{"allow":["GET"]}}],"collection":[{"href":"https:\/\/2021.km-decor.ch\/de\/wp-json\/wp\/v2\/product"}],"about":[{"href":"https:\/\/2021.km-decor.ch\/de\/wp-json\/wp\/v2\/types\/product"}],"wp:featuredmedia":[{"embeddable":true,"href":"https:\/\/2021.km-decor.ch\/de\/wp-json\/wp\/v2\/media\/36316"}],"wp:attachment":[{"href":"https:\/\/2021.km-decor.ch\/de\/wp-json\/wp\/v2\/media?parent=35572"}],"wp:term":[{"taxonomy":"product_cat","embeddable":true,"href":"https:\/\/2021.km-decor.ch\/de\/wp-json\/wp\/v2\/product_cat?post=35572"},{"taxonomy":"product_tag","embeddable":true,"href":"https:\/\/2021.km-decor.ch\/de\/wp-json\/wp\/v2\/product_tag?post=35572"}],"curies":[{"name":"wp","href":"https:\/\/api.w.org\/{rel}","templated":true}]}}